{"id":22103,"date":"2026-02-01T19:49:09","date_gmt":"2026-02-01T18:49:09","guid":{"rendered":"https:\/\/sesezogica.si\/informativa-sulla-privacy\/"},"modified":"2026-02-01T19:49:10","modified_gmt":"2026-02-01T18:49:10","slug":"informativa-sulla-privacy","status":"publish","type":"page","link":"https:\/\/sesezogica.si\/it\/informativa-sulla-privacy\/","title":{"rendered":"Informativa sulla privacy"},"content":{"rendered":"<p>Presso <strong>Restavracije v Sloveniji<\/strong>, la privacy dei nostri visitatori \u00e8 di estrema importanza. Questa politica sulla privacy descrive quali informazioni raccogliamo su di te, a cosa le usiamo e i diritti che hai su di esse. Utilizzando il nostro sito web, accetti l&#8217;uso dei tuoi dati personali in conformit\u00e0 con questa politica.<\/p>\n<h2>Quali dati personali raccogliamo e perch\u00e9<\/h2>\n<p>Raccogliamo informazioni in diversi modi quando interagisci con il nostro sito web. Le informazioni possono includere:<\/p>\n<ul>\n<li>\n<p><strong>Dati forniti a noi:<\/strong> Informazioni come il tuo nome, indirizzo email e numero di telefono quando compili un modulo di contatto, ti iscrivi a una newsletter o ti registri al sito. Se pubblichi un&#8217;attivit\u00e0, raccogliamo anche informazioni su di essa.<\/p>\n<\/li>\n<li>\n<p><strong>Dati raccolti automaticamente:<\/strong> Include il tuo indirizzo IP, tipo di browser, sistema operativo, le pagine che visiti, l&#8217;ora e il tempo che trascorri sul sito. Utilizziamo queste informazioni per analizzare le tendenze e migliorare l&#8217;esperienza dell&#8217;utente.<\/p>\n<\/li>\n<li>\n<p><strong>Cookie e tecnologie simili:<\/strong> Per maggiori informazioni in merito, consulta il nostro <a href=\"https:\/\/sesezogica.si\/politica-sui-cookie\">Politica sui Cookie<\/a>.<\/p>\n<\/li>\n<\/ul>\n<h2>Base giuridica per il trattamento dei tuoi dati<\/h2>\n<p>Il trattamento dei tuoi dati personali si basa su diverse basi giuridiche:<\/p>\n<ul>\n<li>\n<p><strong>Il tuo consenso:<\/strong> Quando ci fornisci i tuoi dati personali, ci dai il tuo consenso a raccoglierli e utilizzarli per quello specifico scopo. Puoi revocare il tuo consenso in qualsiasi momento.<\/p>\n<\/li>\n<li>\n<p><strong>Interessi legittimi:<\/strong> Per migliorare e mantenere il nostro servizio, analizzare l&#8217;utilizzo del sito e ottimizzare i suoi contenuti. I nostri interessi legittimi non prevalgono sui tuoi diritti fondamentali.<\/p>\n<\/li>\n<li>\n<p><strong>Obbligo legale:<\/strong> Per adempiere alle richieste di autorit\u00e0 giudiziarie o amministrative.<\/p>\n<\/li>\n<\/ul>\n<h2>Con chi condividiamo i tuoi dati<\/h2>\n<p>Non vendiamo, scambiamo o trasferiamo i tuoi dati personali identificabili a terze parti senza il tuo consenso. Potremmo condividere le tue informazioni con:<\/p>\n<ul>\n<li>\n<p><strong>Fornitori di servizi:<\/strong> Terze parti fidate che ci assistono nella gestione del sito web (ad esempio, hosting web o servizi di posta elettronica).<\/p>\n<\/li>\n<li>\n<p><strong>Altri utenti:<\/strong> Se pubblichi un&#8217;attivit\u00e0 nella nostra directory, le informazioni che fornisci per il tuo profilo pubblico (nome, indirizzo, ecc.) saranno visibili a tutti i visitatori.<\/p>\n<\/li>\n<li>\n<p><strong>Requisiti legali:<\/strong> Se riteniamo sia appropriato per conformarci alla legge o per proteggere i nostri diritti, propriet\u00e0 o sicurezza.<\/p>\n<\/li>\n<\/ul>\n<h2>Per quanto tempo conserviamo i tuoi dati<\/h2>\n<p>Conserveremo i tuoi dati personali solo per il tempo necessario agli scopi per i quali sono stati raccolti, incluso il rispetto di eventuali requisiti legali. Ad esempio, manterremo le informazioni del tuo account finch\u00e9 sar\u00e0 attivo, e i dati analitici anonimi vengono conservati per un periodo pi\u00f9 lungo per l&#8217;analisi delle tendenze.<\/p>\n<h2>Quali sono i tuoi diritti sui tuoi dati<\/h2>\n<p>Hai diversi diritti in relazione alle tue informazioni personali, che ci impegniamo a rispettare:<\/p>\n<ul>\n<li>\n<p><strong>Diritto di accesso:<\/strong> Richiedi una copia delle informazioni personali che abbiamo su di te.<\/p>\n<\/li>\n<li>\n<p><strong>Diritto di rettifica:<\/strong> Richiedi la correzione di eventuali informazioni inaccurate.<\/p>\n<\/li>\n<li>\n<p><strong>Diritto alla cancellazione (&#8220;diritto all&#8217;oblio&#8221;):<\/strong> Richiedi la cancellazione dei tuoi dati personali dai nostri sistemi.<\/p>\n<\/li>\n<li>\n<p><strong>Diritto alla limitazione del trattamento:<\/strong> Richiedi che limitiamo il trattamento dei tuoi dati.<\/p>\n<\/li>\n<li>\n<p><strong>Diritto alla portabilit\u00e0 dei dati:<\/strong> Ricevi le tue informazioni personali in un formato strutturato e trasferiscile a un altro titolare del trattamento.<\/p>\n<\/li>\n<li>\n<p><strong>Diritto di opposizione:<\/strong> Opporsi al trattamento delle tue informazioni, incluso il marketing diretto.<\/p>\n<\/li>\n<\/ul>\n<h2>Contatti<\/h2>\n<p>Se desideri esercitare uno qualsiasi di questi diritti o hai domande sulla presente informativa, puoi contattarci tramite il nostro <a href=\"https:\/\/sesezogica.si\/contatti\">pagina di contatto<\/a>.<\/p>\n","protected":false},"excerpt":{"rendered":"<p>Presso Restavracije v Sloveniji, la privacy dei nostri visitatori \u00e8 di estrema importanza. Questa politica sulla privacy descrive quali informazioni raccogliamo su di te, a cosa le usiamo e i diritti che hai su di esse. Utilizzando il nostro sito web, accetti l&#8217;uso dei tuoi dati personali in conformit\u00e0 con questa politica. Quali dati personali<a href=\"https:\/\/sesezogica.si\/it\/informativa-sulla-privacy\/\">Continua a leggere <span class=\"sr-only\">&#8220;Informativa sulla privacy&#8221;<\/span><\/a><\/p>\n","protected":false},"author":1,"featured_media":0,"parent":0,"menu_order":0,"comment_status":"closed","ping_status":"closed","template":"","meta":{"footnotes":""},"class_list":["post-22103","page","type-page","status-publish","hentry"],"_links":{"self":[{"href":"https:\/\/sesezogica.si\/it\/wp-json\/wp\/v2\/pages\/22103","targetHints":{"allow":["GET"]}}],"collection":[{"href":"https:\/\/sesezogica.si\/it\/wp-json\/wp\/v2\/pages"}],"about":[{"href":"https:\/\/sesezogica.si\/it\/wp-json\/wp\/v2\/types\/page"}],"author":[{"embeddable":true,"href":"https:\/\/sesezogica.si\/it\/wp-json\/wp\/v2\/users\/1"}],"replies":[{"embeddable":true,"href":"https:\/\/sesezogica.si\/it\/wp-json\/wp\/v2\/comments?post=22103"}],"version-history":[{"count":0,"href":"https:\/\/sesezogica.si\/it\/wp-json\/wp\/v2\/pages\/22103\/revisions"}],"wp:attachment":[{"href":"https:\/\/sesezogica.si\/it\/wp-json\/wp\/v2\/media?parent=22103"}],"curies":[{"name":"wp","href":"https:\/\/api.w.org\/{rel}","templated":true}]}}