{"id":22109,"date":"2026-02-01T19:49:09","date_gmt":"2026-02-01T18:49:09","guid":{"rendered":"https:\/\/sesezogica.si\/note-legali\/"},"modified":"2026-02-01T19:49:10","modified_gmt":"2026-02-01T18:49:10","slug":"note-legali","status":"publish","type":"page","link":"https:\/\/sesezogica.si\/it\/note-legali\/","title":{"rendered":"Note Legali"},"content":{"rendered":"<p>Il presente documento stabilisce i termini e le condizioni in base alle quali \u00e8 regolamentato l&#8217;uso del sito web <strong>https:\/\/sesezogica.si<\/strong>, di seguito denominato la Directory. L&#8217;accesso e l&#8217;uso di questo sito web conferiscono la condizione di utente e implicano l&#8217;accettazione piena e senza riserve di tutte le disposizioni incluse in questo Avviso Legale.<\/p>\n<h2>Titolare del trattamento dei dati<\/h2>\n<p>Il proprietario di questo sito web \u00e8 il proprietario di <strong>Restavracije v Sloveniji<\/strong>.<\/p>\n<ul>\n<li><strong>Nome del sito web:<\/strong> Restavracije v Sloveniji<\/li>\n<\/ul>\n<h2>Propriet\u00e0 intellettuale<\/h2>\n<p>Tutti i contenuti del sito, inclusi testi, grafici, loghi, immagini, design grafico, codice sorgente e software, sono di propriet\u00e0 esclusiva del proprietario della Directory o di terzi che ne hanno autorizzato l&#8217;uso. Sono protetti dalle leggi sulla propriet\u00e0 intellettuale e industriale.<\/p>\n<p>La riproduzione, la distribuzione, la comunicazione pubblica, la trasformazione o qualsiasi altra forma di sfruttamento di tutti o parte dei contenuti senza la previa autorizzazione scritta dei loro legittimi proprietari \u00e8 severamente proibita.<\/p>\n<p>I marchi e i nomi commerciali di terze parti che possono apparire nell&#8217;Elenco sono di propriet\u00e0 dei rispettivi titolari. La loro inclusione non implica l&#8217;esistenza di un rapporto di associazione, collaborazione o partecipazione tra noi e i suddetti titolari.<\/p>\n<h2>Esclusione di responsabilit\u00e0<\/h2>\n<p>Il contenuto di questo Elenco \u00e8 offerto a scopo informativo. Il proprietario del sito web fa del suo meglio per garantire che le informazioni siano accurate e aggiornate; tuttavia, non pu\u00f2 garantire l&#8217;assenza di errori o la completa esattezza delle informazioni.<\/p>\n<p>Non siamo responsabili per le decisioni prese sulla base delle informazioni fornite sul portale, n\u00e9 per i danni e le perdite causati all&#8217;utente o a terzi da azioni basate su tali informazioni.<\/p>\n<h2>Link di Terze Parti<\/h2>\n<p>La Directory potrebbe contenere link a siti web di terze parti sui quali non abbiamo alcun controllo e per i quali non assumiamo alcuna responsabilit\u00e0. L&#8217;inclusione di questi link non implica una raccomandazione o un&#8217;approvazione dei loro contenuti.<\/p>\n<p>Raccomandiamo agli utenti di leggere i termini e le condizioni e le politiche sulla privacy di qualsiasi sito web di terze parti che visitano.<\/p>\n<h2>Limitazione di Responsabilit\u00e0<\/h2>\n<p>L&#8217;accesso alla Directory potrebbe essere temporaneamente sospeso per motivi di manutenzione, riparazione o aggiornamento. Non garantiamo che il servizio sar\u00e0 ininterrotto o privo di guasti tecnici.<\/p>\n<p>Nella misura massima consentita dalla legge, il proprietario esclude qualsiasi responsabilit\u00e0 per danni di qualsiasi natura che possano essere dovuti alla mancanza di disponibilit\u00e0 o continuit\u00e0 del funzionamento dell&#8217;Elenco.<\/p>\n<p>L&#8217;utente riconosce e accetta di utilizzare l&#8217;Elenco e i suoi servizi sotto la propria esclusiva responsabilit\u00e0.<\/p>\n","protected":false},"excerpt":{"rendered":"<p>Il presente documento stabilisce i termini e le condizioni in base alle quali \u00e8 regolamentato l&#8217;uso del sito web https:\/\/sesezogica.si, di seguito denominato la Directory. L&#8217;accesso e l&#8217;uso di questo sito web conferiscono la condizione di utente e implicano l&#8217;accettazione piena e senza riserve di tutte le disposizioni incluse in questo Avviso Legale. Titolare del<a href=\"https:\/\/sesezogica.si\/it\/note-legali\/\">Continua a leggere <span class=\"sr-only\">&#8220;Note Legali&#8221;<\/span><\/a><\/p>\n","protected":false},"author":1,"featured_media":0,"parent":0,"menu_order":0,"comment_status":"closed","ping_status":"closed","template":"","meta":{"footnotes":""},"class_list":["post-22109","page","type-page","status-publish","hentry"],"_links":{"self":[{"href":"https:\/\/sesezogica.si\/it\/wp-json\/wp\/v2\/pages\/22109","targetHints":{"allow":["GET"]}}],"collection":[{"href":"https:\/\/sesezogica.si\/it\/wp-json\/wp\/v2\/pages"}],"about":[{"href":"https:\/\/sesezogica.si\/it\/wp-json\/wp\/v2\/types\/page"}],"author":[{"embeddable":true,"href":"https:\/\/sesezogica.si\/it\/wp-json\/wp\/v2\/users\/1"}],"replies":[{"embeddable":true,"href":"https:\/\/sesezogica.si\/it\/wp-json\/wp\/v2\/comments?post=22109"}],"version-history":[{"count":0,"href":"https:\/\/sesezogica.si\/it\/wp-json\/wp\/v2\/pages\/22109\/revisions"}],"wp:attachment":[{"href":"https:\/\/sesezogica.si\/it\/wp-json\/wp\/v2\/media?parent=22109"}],"curies":[{"name":"wp","href":"https:\/\/api.w.org\/{rel}","templated":true}]}}